{"id":1489,"date":"2024-07-23T15:11:35","date_gmt":"2024-07-23T21:11:35","guid":{"rendered":"https:\/\/www.feranlogistics.com\/?page_id=1489"},"modified":"2024-08-10T14:56:19","modified_gmt":"2024-08-10T20:56:19","slug":"servicio-aereo","status":"publish","type":"page","link":"https:\/\/www.feranlogistics.com\/en\/servicio-aereo\/","title":{"rendered":"AIR SERVICE"},"content":{"rendered":"<div data-elementor-type=\"wp-page\" data-elementor-id=\"1489\" class=\"elementor elementor-1489\" data-elementor-settings=\"{&quot;ha_cmc_init_switcher&quot;:&quot;no&quot;}\">\n\t\t\t\t<div class=\"elementor-element elementor-element-4ddb205 e-con-full e-flex e-con e-parent\" data-id=\"4ddb205\" data-element_type=\"container\" data-e-type=\"container\" data-settings=\"{&quot;background_background&quot;:&quot;classic&quot;,&quot;_ha_eqh_enable&quot;:false}\">\n\t\t\t\t<\/div>\n\t\t<div class=\"elementor-element elementor-element-3637d5b e-flex e-con-boxed e-con e-parent\" data-id=\"3637d5b\" data-element_type=\"container\" data-e-type=\"container\" data-settings=\"{&quot;_ha_eqh_enable&quot;:false}\">\n\t\t\t\t\t<div class=\"e-con-inner\">\n\t\t\t\t<div class=\"elementor-element elementor-element-e179c21 elementor-widget elementor-widget-heading\" data-id=\"e179c21\" data-element_type=\"widget\" data-e-type=\"widget\" data-widget_type=\"heading.default\">\n\t\t\t\t<div class=\"elementor-widget-container\">\n\t\t\t\t\t<h2 class=\"elementor-heading-title elementor-size-default\">AIR FREIGHT TRANSPORTATION<\/h2>\t\t\t\t<\/div>\n\t\t\t\t<\/div>\n\t\t\t\t\t<\/div>\n\t\t\t\t<\/div>\n\t\t<div class=\"elementor-element elementor-element-53dab4a e-flex e-con-boxed e-con e-parent\" data-id=\"53dab4a\" data-element_type=\"container\" data-e-type=\"container\" data-settings=\"{&quot;_ha_eqh_enable&quot;:false}\">\n\t\t\t\t\t<div class=\"e-con-inner\">\n\t\t\t\t<div class=\"elementor-element elementor-element-a743405 elementor-widget elementor-widget-text-editor\" data-id=\"a743405\" data-element_type=\"widget\" data-e-type=\"widget\" data-widget_type=\"text-editor.default\">\n\t\t\t\t<div class=\"elementor-widget-container\">\n\t\t\t\t\t\t\t\t\t<p>Air cargo transportation refers to the shipping of goods and cargo through the use of Aircraft. It has distinctive features, advantages and disadvantages which are detailed below:<\/p>\t\t\t\t\t\t\t\t<\/div>\n\t\t\t\t<\/div>\n\t\t\t\t\t<\/div>\n\t\t\t\t<\/div>\n\t\t<div class=\"elementor-element elementor-element-4e21c00 e-flex e-con-boxed e-con e-parent\" data-id=\"4e21c00\" data-element_type=\"container\" data-e-type=\"container\" data-settings=\"{&quot;_ha_eqh_enable&quot;:false}\">\n\t\t\t\t\t<div class=\"e-con-inner\">\n\t\t<div class=\"elementor-element elementor-element-bd25898 e-con-full e-flex e-con e-child\" data-id=\"bd25898\" data-element_type=\"container\" data-e-type=\"container\" data-settings=\"{&quot;_ha_eqh_enable&quot;:false}\">\n\t\t\t\t<div class=\"elementor-element elementor-element-e03b7ab elementor-widget elementor-widget-text-editor\" data-id=\"e03b7ab\" data-element_type=\"widget\" data-e-type=\"widget\" data-widget_type=\"text-editor.default\">\n\t\t\t\t<div class=\"elementor-widget-container\">\n\t\t\t\t\t\t\t\t\t<div><strong>\u00a0 \u00a0 \u00a0 \u00a0 ADVANTAGES:<\/strong><\/div><ul><li><strong>Speed: <\/strong>It is the main advantage of air transport. It allows fast and efficient deliveries, which is beneficial for perishable, high-value products, high-demand products and urgent shipments.<\/li><li><strong>Global connectivity:<\/strong> Air transport connects different regions and countries, facilitating international trade and business expansion.<\/li><li><strong>Security:<\/strong> Air transport offers a high level of security, since goods are less exposed to theft, harmful accidents compared to other modes of transport.<\/li><\/ul>\t\t\t\t\t\t\t\t<\/div>\n\t\t\t\t<\/div>\n\t\t\t\t<\/div>\n\t\t<div class=\"elementor-element elementor-element-5bf0191 e-con-full e-flex e-con e-child\" data-id=\"5bf0191\" data-element_type=\"container\" data-e-type=\"container\" data-settings=\"{&quot;_ha_eqh_enable&quot;:false}\">\n\t\t\t\t<div class=\"elementor-element elementor-element-29bf3e0 elementor-widget elementor-widget-text-editor\" data-id=\"29bf3e0\" data-element_type=\"widget\" data-e-type=\"widget\" data-widget_type=\"text-editor.default\">\n\t\t\t\t<div class=\"elementor-widget-container\">\n\t\t\t\t\t\t\t\t\t<div><b>\u00a0 \u00a0 \u00a0 \u00a0 DISADVANTAGES:<\/b><b><br \/><\/b><\/div><ul><li><strong>Costs:<\/strong> Air cargo transportation is generally more expensive compared to other modes of transportation, such as sea or land transportation. Operating costs, fuel prices and airport fees are factors that influence higher costs.<\/li><li><strong>Capacity limitation:<\/strong> Although cargo planes have a high carrying capacity, there may be limitations in terms of volume and weight. For extremely large or heavy loads, air freight may not be the most suitable option.<\/li><li><strong>Merchandise restrictions:<\/strong> Some products may be subject to specific restrictions or regulations in air transportation, such as dangerous goods or perishable products. This may require special handling and compliance with additional requirements.<\/li><li><strong>Weather conditions:<\/strong> Air transportation may be affected by adverse weather conditions, such as storms or dense fog, which may result in flight delays or cancellations.<\/li><\/ul>\t\t\t\t\t\t\t\t<\/div>\n\t\t\t\t<\/div>\n\t\t\t\t<\/div>\n\t\t\t\t\t<\/div>\n\t\t\t\t<\/div>\n\t\t<div class=\"elementor-element elementor-element-db59c2f e-flex e-con-boxed e-con e-parent\" data-id=\"db59c2f\" data-element_type=\"container\" data-e-type=\"container\" data-settings=\"{&quot;_ha_eqh_enable&quot;:false}\">\n\t\t\t\t\t<div class=\"e-con-inner\">\n\t\t<div class=\"elementor-element elementor-element-76097ff e-con-full e-flex e-con e-child\" data-id=\"76097ff\" data-element_type=\"container\" data-e-type=\"container\" data-settings=\"{&quot;_ha_eqh_enable&quot;:false}\">\n\t\t\t\t<div class=\"elementor-element elementor-element-98e71ed elementor-widget elementor-widget-text-editor\" data-id=\"98e71ed\" data-element_type=\"widget\" data-e-type=\"widget\" data-widget_type=\"text-editor.default\">\n\t\t\t\t<div class=\"elementor-widget-container\">\n\t\t\t\t\t\t\t\t\t<p><strong>How is the volumetric weight calculated for your quote?<\/strong><\/p><p>With measurements in centimeters:<\/p><h5 id=\"5c38\"><strong>VOLUMETRIC WEIGHT = (LENGTH X WIDTH X HEIGHT) \/ 6,000<\/strong><\/h5><p id=\"9743\" data-selectable-paragraph=\"\"><strong>Example:<\/strong><\/p><p id=\"5237\" data-selectable-paragraph=\"\">If a package has the following characteristics:<br \/>Gross weight: 30Kg.<br \/>Dimensions:\u00a090 cm x 50 cm x 70 cm<\/p><p id=\"5001\" data-selectable-paragraph=\"\">We multiply the dimensions and we have 315,000 cm.<br \/>Volumetric weight = 315,000 \/ 6,000 =\u00a0<strong>52.5<\/strong><\/p><p id=\"81bc\" data-selectable-paragraph=\"\">As the volumetric weight (52.5) \u200b\u200bis greater than the gross weight (30), the first is the one considered to establish the air cargo transportation rate.<\/p>\t\t\t\t\t\t\t\t<\/div>\n\t\t\t\t<\/div>\n\t\t\t\t<\/div>\n\t\t<div class=\"elementor-element elementor-element-26af831 e-con-full e-flex e-con e-child\" data-id=\"26af831\" data-element_type=\"container\" data-e-type=\"container\" data-settings=\"{&quot;_ha_eqh_enable&quot;:false}\">\n\t\t<div class=\"elementor-element elementor-element-755a764 e-con-full e-flex e-con e-child\" data-id=\"755a764\" data-element_type=\"container\" data-e-type=\"container\" data-settings=\"{&quot;_ha_eqh_enable&quot;:false}\">\n\t\t\t\t<div class=\"elementor-element elementor-element-0a07a0d elementor-widget elementor-widget-image\" data-id=\"0a07a0d\" data-element_type=\"widget\" data-e-type=\"widget\" data-widget_type=\"image.default\">\n\t\t\t\t<div class=\"elementor-widget-container\">\n\t\t\t\t\t\t\t\t\t\t\t\t\t\t\t<img fetchpriority=\"high\" decoding=\"async\" width=\"768\" height=\"512\" src=\"https:\/\/www.feranlogistics.com\/wp-content\/uploads\/2024\/08\/pexels-ketut-subiyanto-4246120-1-768x512.jpg\" class=\"attachment-medium_large size-medium_large wp-image-2156\" alt=\"\" srcset=\"https:\/\/www.feranlogistics.com\/wp-content\/uploads\/2024\/08\/pexels-ketut-subiyanto-4246120-1-768x512.jpg 768w, https:\/\/www.feranlogistics.com\/wp-content\/uploads\/2024\/08\/pexels-ketut-subiyanto-4246120-1-300x200.jpg 300w, https:\/\/www.feranlogistics.com\/wp-content\/uploads\/2024\/08\/pexels-ketut-subiyanto-4246120-1-1024x683.jpg 1024w, https:\/\/www.feranlogistics.com\/wp-content\/uploads\/2024\/08\/pexels-ketut-subiyanto-4246120-1-1536x1024.jpg 1536w, https:\/\/www.feranlogistics.com\/wp-content\/uploads\/2024\/08\/pexels-ketut-subiyanto-4246120-1.jpg 1920w\" sizes=\"(max-width: 768px) 100vw, 768px\" \/>\t\t\t\t\t\t\t\t\t\t\t\t\t\t\t<\/div>\n\t\t\t\t<\/div>\n\t\t\t\t<div class=\"elementor-element elementor-element-52f990c elementor-widget elementor-widget-image\" data-id=\"52f990c\" data-element_type=\"widget\" data-e-type=\"widget\" data-widget_type=\"image.default\">\n\t\t\t\t<div class=\"elementor-widget-container\">\n\t\t\t\t\t\t\t\t\t\t\t\t\t\t\t<img decoding=\"async\" width=\"1920\" height=\"1440\" src=\"https:\/\/www.feranlogistics.com\/wp-content\/uploads\/2024\/08\/pexels-pixabay-163792.jpg\" class=\"attachment-2048x2048 size-2048x2048 wp-image-2157\" alt=\"\" srcset=\"https:\/\/www.feranlogistics.com\/wp-content\/uploads\/2024\/08\/pexels-pixabay-163792.jpg 1920w, https:\/\/www.feranlogistics.com\/wp-content\/uploads\/2024\/08\/pexels-pixabay-163792-300x225.jpg 300w, https:\/\/www.feranlogistics.com\/wp-content\/uploads\/2024\/08\/pexels-pixabay-163792-1024x768.jpg 1024w, https:\/\/www.feranlogistics.com\/wp-content\/uploads\/2024\/08\/pexels-pixabay-163792-768x576.jpg 768w, https:\/\/www.feranlogistics.com\/wp-content\/uploads\/2024\/08\/pexels-pixabay-163792-1536x1152.jpg 1536w\" sizes=\"(max-width: 1920px) 100vw, 1920px\" \/>\t\t\t\t\t\t\t\t\t\t\t\t\t\t\t<\/div>\n\t\t\t\t<\/div>\n\t\t\t\t<\/div>\n\t\t\t\t<\/div>\n\t\t\t\t\t<\/div>\n\t\t\t\t<\/div>\n\t\t<div class=\"elementor-element elementor-element-bc03fbc e-flex e-con-boxed e-con e-parent\" data-id=\"bc03fbc\" data-element_type=\"container\" data-e-type=\"container\" data-settings=\"{&quot;_ha_eqh_enable&quot;:false}\">\n\t\t\t\t\t<div class=\"e-con-inner\">\n\t\t\t\t<div class=\"elementor-element elementor-element-e21efc8 elementor-widget elementor-widget-text-editor\" data-id=\"e21efc8\" data-element_type=\"widget\" data-e-type=\"widget\" data-widget_type=\"text-editor.default\">\n\t\t\t\t<div class=\"elementor-widget-container\">\n\t\t\t\t\t\t\t\t\t<p>For Feran-Logistics the most important thing is the satisfaction of our clients, come to us for personalized advice, we have a team that will support you at all times to achieve the project you have in mind.\u00a0<\/p>\t\t\t\t\t\t\t\t<\/div>\n\t\t\t\t<\/div>\n\t\t\t\t\t<\/div>\n\t\t\t\t<\/div>\n\t\t<div class=\"elementor-element elementor-element-c8aaa13 e-flex e-con-boxed e-con e-parent\" data-id=\"c8aaa13\" data-element_type=\"container\" data-e-type=\"container\" data-settings=\"{&quot;_ha_eqh_enable&quot;:false}\">\n\t\t\t\t\t<div class=\"e-con-inner\">\n\t\t\t\t<div class=\"elementor-element elementor-element-ecc5ab0 elementor-button-info elementor-align-center elementor-widget elementor-widget-button\" data-id=\"ecc5ab0\" data-element_type=\"widget\" data-e-type=\"widget\" data-widget_type=\"button.default\">\n\t\t\t\t<div class=\"elementor-widget-container\">\n\t\t\t\t\t\t\t\t\t<div class=\"elementor-button-wrapper\">\n\t\t\t\t\t<a class=\"elementor-button elementor-button-link elementor-size-sm\" href=\"https:\/\/www.feranlogistics.com\/en\/cotizar\/\">\n\t\t\t\t\t\t<span class=\"elementor-button-content-wrapper\">\n\t\t\t\t\t\t\t\t\t<span class=\"elementor-button-text\">QUOTE<\/span>\n\t\t\t\t\t<\/span>\n\t\t\t\t\t<\/a>\n\t\t\t\t<\/div>\n\t\t\t\t\t\t\t\t<\/div>\n\t\t\t\t<\/div>\n\t\t\t\t\t<\/div>\n\t\t\t\t<\/div>\n\t\t\t\t<\/div>","protected":false},"excerpt":{"rendered":"<p>TRANSPORTE DE CARGA A\u00c9REO El transporte de carga A\u00e9rea se refiere al env\u00edo de mercanc\u00edas y carga a trav\u00e9s del uso de Aviones, Tiene caracter\u00edsticas distintivas, ventajas y desventajas que se detallan a continuaci\u00f3n:. \u00a0 \u00a0 \u00a0 \u00a0 VENTAJAS: Rapidez: Es la principal ventaja del transporte a\u00e9reo. Permite entregas rapidas y eficientes, lo cual es [&hellip;]<\/p>\n","protected":false},"author":1,"featured_media":0,"parent":0,"menu_order":0,"comment_status":"closed","ping_status":"closed","template":"","meta":{"_joinchat":[],"footnotes":""},"class_list":["post-1489","page","type-page","status-publish","hentry"],"blocksy_meta":[],"aioseo_notices":[],"_links":{"self":[{"href":"https:\/\/www.feranlogistics.com\/en\/wp-json\/wp\/v2\/pages\/1489","targetHints":{"allow":["GET"]}}],"collection":[{"href":"https:\/\/www.feranlogistics.com\/en\/wp-json\/wp\/v2\/pages"}],"about":[{"href":"https:\/\/www.feranlogistics.com\/en\/wp-json\/wp\/v2\/types\/page"}],"author":[{"embeddable":true,"href":"https:\/\/www.feranlogistics.com\/en\/wp-json\/wp\/v2\/users\/1"}],"replies":[{"embeddable":true,"href":"https:\/\/www.feranlogistics.com\/en\/wp-json\/wp\/v2\/comments?post=1489"}],"version-history":[{"count":151,"href":"https:\/\/www.feranlogistics.com\/en\/wp-json\/wp\/v2\/pages\/1489\/revisions"}],"predecessor-version":[{"id":2862,"href":"https:\/\/www.feranlogistics.com\/en\/wp-json\/wp\/v2\/pages\/1489\/revisions\/2862"}],"wp:attachment":[{"href":"https:\/\/www.feranlogistics.com\/en\/wp-json\/wp\/v2\/media?parent=1489"}],"curies":[{"name":"wp","href":"https:\/\/api.w.org\/{rel}","templated":true}]}}