{"id":1501,"date":"2024-07-23T15:52:39","date_gmt":"2024-07-23T21:52:39","guid":{"rendered":"https:\/\/www.feranlogistics.com\/?page_id=1501"},"modified":"2024-08-10T17:03:32","modified_gmt":"2024-08-10T23:03:32","slug":"terminos-de-uso","status":"publish","type":"page","link":"https:\/\/www.feranlogistics.com\/en\/terminos-de-uso\/","title":{"rendered":"Terms of use"},"content":{"rendered":"<div data-elementor-type=\"wp-page\" data-elementor-id=\"1501\" class=\"elementor elementor-1501\" data-elementor-settings=\"{&quot;ha_cmc_init_switcher&quot;:&quot;no&quot;}\">\n\t\t\t\t<div class=\"elementor-element elementor-element-e36033c e-con-full e-flex e-con e-parent\" data-id=\"e36033c\" data-element_type=\"container\" data-e-type=\"container\" data-settings=\"{&quot;background_background&quot;:&quot;gradient&quot;,&quot;_ha_eqh_enable&quot;:false}\">\n\t\t<div class=\"elementor-element elementor-element-aa9673d e-con-full e-flex e-con e-child\" data-id=\"aa9673d\" data-element_type=\"container\" data-e-type=\"container\" data-settings=\"{&quot;background_background&quot;:&quot;gradient&quot;,&quot;_ha_eqh_enable&quot;:false}\">\n\t\t\t\t<\/div>\n\t\t\t\t<\/div>\n\t\t<div class=\"elementor-element elementor-element-462da29 e-flex e-con-boxed e-con e-parent\" data-id=\"462da29\" data-element_type=\"container\" data-e-type=\"container\" data-settings=\"{&quot;_ha_eqh_enable&quot;:false}\">\n\t\t\t\t\t<div class=\"e-con-inner\">\n\t\t\t\t<div class=\"elementor-element elementor-element-beaa3ef elementor-widget elementor-widget-text-editor\" data-id=\"beaa3ef\" data-element_type=\"widget\" data-e-type=\"widget\" data-widget_type=\"text-editor.default\">\n\t\t\t\t<div class=\"elementor-widget-container\">\n\t\t\t\t\t\t\t\t\t<div><div><h1>Terms and Conditions of Use<\/h1><\/div><\/div><div><div>\u00a0<\/div><\/div><div><div><p>On this web page you will find a reference version of the Terms and Conditions of the Feran-Logistics website. Please note that other terms and conditions may apply in some countries.<br \/>The Terms and Conditions of Use of the Feran-Logistics Website are defined below:<\/p><p><strong>Copyright<\/strong><br \/>The copyright of this publication is the property of Trading company Feran-Logistics.<\/p><p><strong style=\"font-family: inherit; font-size: inherit; font-style: inherit; font-variant-ligatures: inherit; font-variant-caps: inherit; text-align: var(--text-align); background-color: var(--theme-palette-color-8); color: var(--theme-text-color); letter-spacing: var(--theme-letter-spacing); text-transform: var(--theme-text-transform);\">Reproduction permission:\u00a0 \u00a0 \u00a0 \u00a0 \u00a0 \u00a0 \u00a0 \u00a0 \u00a0 \u00a0 \u00a0 \u00a0 \u00a0 \u00a0 \u00a0 \u00a0 \u00a0 \u00a0 \u00a0 \u00a0 \u00a0 \u00a0 \u00a0 \u00a0 \u00a0 \u00a0 \u00a0 \u00a0 \u00a0 \u00a0 \u00a0 \u00a0 \u00a0 \u00a0 \u00a0 \u00a0 \u00a0 \u00a0 \u00a0 \u00a0 \u00a0 \u00a0 \u00a0 \u00a0 \u00a0 \u00a0 \u00a0 \u00a0 \u00a0 \u00a0 \u00a0 \u00a0 \u00a0 \u00a0 \u00a0 \u00a0 \u00a0 \u00a0 \u00a0 \u00a0 \u00a0 \u00a0 \u00a0 \u00a0 \u00a0 \u00a0 \u00a0 \u00a0 \u00a0 \u00a0 \u00a0 \u00a0 \u00a0 \u00a0 \u00a0 \u00a0 \u00a0 \u00a0 \u00a0 \u00a0 \u00a0 \u00a0 \u00a0 \u00a0 \u00a0 \u00a0 \u00a0 \u00a0 \u00a0 \u00a0 \u00a0 \u00a0 \u00a0<\/strong><\/p><p><span style=\"background-color: var(--theme-palette-color-8); color: var(--theme-text-color); font-family: inherit; font-size: inherit; font-style: inherit; font-variant-ligatures: inherit; font-variant-caps: inherit; font-weight: inherit; letter-spacing: var(--theme-letter-spacing); text-align: var(--text-align); text-transform: var(--theme-text-transform);\">Any person may reproduce any part of the material on these web pages, as long as they comply with the following conditions.<\/span><\/p><ul><li>The material may only be used for informational and non-profit purposes.<\/li><li>The material cannot be modified in any way.<\/li><li>Reproduction of any fragment of material must include the following copyright notice:<br \/>Copyright\u00a0\u00a9\u00a0Feran-Logistics. All rights reserved.<\/li><\/ul><div><p style=\"margin-block: 0px; padding-inline-start: 0px; -webkit-tap-highlight-color: transparent; margin-top: 1.1rem; margin-bottom: 1.4rem; outline: none; color: #191919; font-weight: 400; font-size: var(--size-font-sm); line-height: var(--size-line-height-5xl); font-family: Delivery, Verdana, sans-serif; font-style: normal; font-variant-ligatures: normal; font-variant-caps: normal;\"><span style=\"margin-block: 0px; margin-inline: 0px; padding-inline-start: 0px; -webkit-tap-highlight-color: transparent; margin: 2.8rem 0px 0px; outline: none; padding: 0px; color: var(--color-black-400); display: block; font-size: var(--size-font-xl); line-height: var(--size-line-height-xl);\"><span style=\"margin-block: 0px; margin-inline: 0px; padding-inline-start: 0px; -webkit-tap-highlight-color: transparent; margin: 0px; outline: none; padding: 0px; font-weight: bold;\">Your comments<\/span><br style=\"margin-block: 0px; margin-inline: 0px; padding-inline-start: 0px; -webkit-tap-highlight-color: transparent; margin: 0px; outline: none; padding: 0px;\" \/>Feran-Logistics would like to receive your comments, and values \u200b\u200byour ideas and suggestions; however, it is impossible to respond to all comments individually. Feran-Logistics will be free to use and act upon any information you submit.<br style=\"margin-block: 0px; margin-inline: 0px; padding-inline-start: 0px; -webkit-tap-highlight-color: transparent; margin: 0px; outline: none; padding: 0px;\" \/><br style=\"margin-block: 0px; margin-inline: 0px; padding-inline-start: 0px; -webkit-tap-highlight-color: transparent; margin: 0px; outline: none; padding: 0px;\" \/><span style=\"margin-block: 0px; margin-inline: 0px; padding-inline-start: 0px; -webkit-tap-highlight-color: transparent; margin: 0px; outline: none; padding: 0px; font-weight: bold;\">Use of the interactive features of this site<\/span><br style=\"margin-block: 0px; margin-inline: 0px; padding-inline-start: 0px; -webkit-tap-highlight-color: transparent; margin: 0px; outline: none; padding: 0px;\" \/>Para facilitar su experiencia de uso, Feran-Logistics podr\u00eda proporcionar caracter\u00edsticas interactivas en su sitio web, como opciones de rastreo y env\u00edo de comentarios. Se le otorga la autorizaci\u00f3n para utilizar estas caracter\u00edsticas \u00fanicamente para los prop\u00f3sitos que se especifican.<br style=\"margin-block: 0px; margin-inline: 0px; padding-inline-start: 0px; -webkit-tap-highlight-color: transparent; margin: 0px; outline: none; padding: 0px;\" \/><br style=\"margin-block: 0px; margin-inline: 0px; padding-inline-start: 0px; -webkit-tap-highlight-color: transparent; margin: 0px; outline: none; padding: 0px;\" \/><span style=\"margin-block: 0px; margin-inline: 0px; padding-inline-start: 0px; -webkit-tap-highlight-color: transparent; margin: 0px; outline: none; padding: 0px; font-weight: bold;\">Accuracy of the content of this website<\/span><br style=\"margin-block: 0px; margin-inline: 0px; padding-inline-start: 0px; -webkit-tap-highlight-color: transparent; margin: 0px; outline: none; padding: 0px;\" \/>These web pages may contain inadvertent inaccuracies and typographical errors. As they are identified, such failures will be corrected at the discretion of Feran-Logistics. The information on these web pages is updated regularly; however, inaccuracies may remain or arise from changes made between updates. The Internet service is maintained independently, so some of the information that can be accessed on these web pages could be of external origin to Feran-Logistics.<span style=\"color: var(--color-black-400); font-size: var(--size-font-xl); text-align: var(--text-align); background-color: var(--theme-palette-color-8); letter-spacing: var(--theme-letter-spacing); text-transform: var(--theme-text-transform);\">. Feran-Logistics<\/span>\u00a0<span style=\"color: var(--color-black-400); font-size: var(--size-font-xl); text-align: var(--text-align); background-color: var(--theme-palette-color-8); letter-spacing: var(--theme-letter-spacing); text-transform: var(--theme-text-transform);\">disclaims all liability or responsibility for this content.<\/span><\/span><span style=\"margin-block: 0px; margin-inline: 0px; padding-inline-start: 0px; -webkit-tap-highlight-color: transparent; margin: 2.8rem 0px 0px; outline: none; padding: 0px; color: var(--color-black-400); display: block; font-size: var(--size-font-xl); line-height: var(--size-line-height-xl);\"><br style=\"margin-block: 0px; margin-inline: 0px; padding-inline-start: 0px; -webkit-tap-highlight-color: transparent; margin: 0px; outline: none; padding: 0px;\" \/><span style=\"margin-block: 0px; margin-inline: 0px; padding-inline-start: 0px; -webkit-tap-highlight-color: transparent; margin: 0px; outline: none; padding: 0px; font-weight: bold;\">Virus<\/span><br style=\"margin-block: 0px; margin-inline: 0px; padding-inline-start: 0px; -webkit-tap-highlight-color: transparent; margin: 0px; outline: none; padding: 0px;\" \/>Feran-Logistics carries out all feasible measures to prevent the existence of viruses on these web pages; however, it cannot ensure that viruses do not exist and assumes no responsibility for virus incidents. The user is responsible for using the necessary security measures when downloading information from these web pages.<br style=\"margin-block: 0px; margin-inline: 0px; padding-inline-start: 0px; -webkit-tap-highlight-color: transparent; margin: 0px; outline: none; padding: 0px;\" \/><br style=\"margin-block: 0px; margin-inline: 0px; padding-inline-start: 0px; -webkit-tap-highlight-color: transparent; margin: 0px; outline: none; padding: 0px;\" \/><span style=\"margin-block: 0px; margin-inline: 0px; padding-inline-start: 0px; -webkit-tap-highlight-color: transparent; margin: 0px; outline: none; padding: 0px; font-weight: bold;\">Exemption of guarantees<\/span><br style=\"margin-block: 0px; margin-inline: 0px; padding-inline-start: 0px; -webkit-tap-highlight-color: transparent; margin: 0px; outline: none; padding: 0px;\" \/>The services, content and information on this website are provided \u201cas is.\u201d Feran-Logistics disclaims, to the fullest extent permitted by law, all warranties, whether express, implied, statutory or otherwise, including, but not limited to, warranties of merchantability, fitness for a particular purpose and non-infringement. of the rights of third parties. Feran-Logistics and its affiliates and licensors make no warranties or representations about the accuracy, completeness, security or ability to timely access the services, content and information offered through the Feran-Logistics website and its systems. The information obtained through the Feran-Logistics website and systems does not constitute any type of guarantee, unless Feran-Logsitics explicitly states otherwise in these terms and conditions.<\/span><\/p><p style=\"margin-block: 0px; padding-inline-start: 0px; -webkit-tap-highlight-color: transparent; margin-top: 1.1rem; margin-bottom: 1.4rem; outline: none; color: #191919; font-weight: 400; font-size: var(--size-font-sm); line-height: var(--size-line-height-5xl); font-family: Delivery, Verdana, sans-serif; font-style: normal; font-variant-ligatures: normal; font-variant-caps: normal;\"><span style=\"margin-block: 0px; margin-inline: 0px; padding-inline-start: 0px; -webkit-tap-highlight-color: transparent; margin: 2.8rem 0px 0px; outline: none; padding: 0px; color: var(--color-black-400); display: block; font-size: var(--size-font-xl); line-height: var(--size-line-height-xl);\">Some jurisdictions do not allow limitations on implied warranties, so the exceptions and limitations in this section may not apply to you. If you are using these services as a consumer, these provisions do not affect those legal rights that you cannot waive, if any. You accept and acknowledge that the limitations and exclusions of liability and warranty set out in these terms and conditions are fair and reasonable.<br style=\"margin-block: 0px; margin-inline: 0px; padding-inline-start: 0px; -webkit-tap-highlight-color: transparent; margin: 0px; outline: none; padding: 0px;\" \/><br style=\"margin-block: 0px; margin-inline: 0px; padding-inline-start: 0px; -webkit-tap-highlight-color: transparent; margin: 0px; outline: none; padding: 0px;\" \/><span style=\"margin-block: 0px; margin-inline: 0px; padding-inline-start: 0px; -webkit-tap-highlight-color: transparent; margin: 0px; outline: none; padding: 0px; font-weight: bold;\">Limitation of liability<\/span><br style=\"margin-block: 0px; margin-inline: 0px; padding-inline-start: 0px; -webkit-tap-highlight-color: transparent; margin: 0px; outline: none; padding: 0px;\" \/>To the extent permitted by law, Feran-Logistics, its affiliates or licensors, or any third party mentioned on the Feran-Logistics website, will not be liable in any way for any incidental, indirect, exemplary, punitive, or consequential damages. loss of profits, or damages as a result of loss of data or business interruption due to the use or inability to use the Feran-Logistics website and the systems, services, content or information of Feran-Logistics, whether based on warranty, contract, infringement or any other legal theory, and whether or not Feran-Logistics is aware of the possibility of such damages. To the maximum extent permitted by law, the remedies offered in these terms and conditions are exclusive and limited only to those expressly offered in these terms and conditions.<br style=\"margin-block: 0px; margin-inline: 0px; padding-inline-start: 0px; -webkit-tap-highlight-color: transparent; margin: 0px; outline: none; padding: 0px;\" \/><br style=\"margin-block: 0px; margin-inline: 0px; padding-inline-start: 0px; -webkit-tap-highlight-color: transparent; margin: 0px; outline: none; padding: 0px;\" \/><span style=\"margin-block: 0px; margin-inline: 0px; padding-inline-start: 0px; -webkit-tap-highlight-color: transparent; margin: 0px; outline: none; padding: 0px; font-weight: bold;\">Products and services<\/span><br style=\"margin-block: 0px; margin-inline: 0px; padding-inline-start: 0px; -webkit-tap-highlight-color: transparent; margin: 0px; outline: none; padding: 0px;\" \/>Unless otherwise indicated by written agreement, the transportation products and services offered on these web pages are subject to the Feran-Logistics Terms and Conditions of Transportation.\u00a0\u00a0<br style=\"margin-block: 0px; margin-inline: 0px; padding-inline-start: 0px; -webkit-tap-highlight-color: transparent; margin: 0px; outline: none; padding: 0px;\" \/><br style=\"margin-block: 0px; margin-inline: 0px; padding-inline-start: 0px; -webkit-tap-highlight-color: transparent; margin: 0px; outline: none; padding: 0px;\" \/><span style=\"margin-block: 0px; margin-inline: 0px; padding-inline-start: 0px; -webkit-tap-highlight-color: transparent; margin: 0px; outline: none; padding: 0px; font-weight: bold;\">Information Disclosure<\/span><br style=\"margin-block: 0px; margin-inline: 0px; padding-inline-start: 0px; -webkit-tap-highlight-color: transparent; margin: 0px; outline: none; padding: 0px;\" \/>All information that visitors to these websites provide to Feran-Logsitics is considered confidential and will not be disclosed to any third party, unless necessary to offer the services.<\/span><\/p><\/div><\/div><\/div>\t\t\t\t\t\t\t\t<\/div>\n\t\t\t\t<\/div>\n\t\t\t\t\t<\/div>\n\t\t\t\t<\/div>\n\t\t\t\t<\/div>","protected":false},"excerpt":{"rendered":"<p>Terminos y Condiciones de Uso \u00a0 En esta p\u00e1gina web encontrar\u00e1 una versi\u00f3n de referencia de los T\u00e9rminos y condiciones del sitio web de Feran-Logistics. Tenga en cuenta que se pueden aplicar otros t\u00e9rminos y condiciones en algunos pa\u00edses.A continuaci\u00f3n, se definen los T\u00e9rminos y condiciones de uso del sitio web de Feran-Logistics: Derechos de [&hellip;]<\/p>\n","protected":false},"author":1,"featured_media":0,"parent":0,"menu_order":0,"comment_status":"closed","ping_status":"closed","template":"","meta":{"_joinchat":[],"footnotes":""},"class_list":["post-1501","page","type-page","status-publish","hentry"],"blocksy_meta":[],"aioseo_notices":[],"_links":{"self":[{"href":"https:\/\/www.feranlogistics.com\/en\/wp-json\/wp\/v2\/pages\/1501","targetHints":{"allow":["GET"]}}],"collection":[{"href":"https:\/\/www.feranlogistics.com\/en\/wp-json\/wp\/v2\/pages"}],"about":[{"href":"https:\/\/www.feranlogistics.com\/en\/wp-json\/wp\/v2\/types\/page"}],"author":[{"embeddable":true,"href":"https:\/\/www.feranlogistics.com\/en\/wp-json\/wp\/v2\/users\/1"}],"replies":[{"embeddable":true,"href":"https:\/\/www.feranlogistics.com\/en\/wp-json\/wp\/v2\/comments?post=1501"}],"version-history":[{"count":13,"href":"https:\/\/www.feranlogistics.com\/en\/wp-json\/wp\/v2\/pages\/1501\/revisions"}],"predecessor-version":[{"id":2892,"href":"https:\/\/www.feranlogistics.com\/en\/wp-json\/wp\/v2\/pages\/1501\/revisions\/2892"}],"wp:attachment":[{"href":"https:\/\/www.feranlogistics.com\/en\/wp-json\/wp\/v2\/media?parent=1501"}],"curies":[{"name":"wp","href":"https:\/\/api.w.org\/{rel}","templated":true}]}}