{"id":1754,"date":"2024-07-30T20:53:36","date_gmt":"2024-07-31T02:53:36","guid":{"rendered":"https:\/\/www.feranlogistics.com\/?page_id=1754"},"modified":"2024-09-04T15:04:07","modified_gmt":"2024-09-04T21:04:07","slug":"servicios-adicionales","status":"publish","type":"page","link":"https:\/\/www.feranlogistics.com\/en\/servicios-adicionales\/","title":{"rendered":"ADDITIONAL SERVICES"},"content":{"rendered":"<div data-elementor-type=\"wp-page\" data-elementor-id=\"1754\" class=\"elementor elementor-1754\" data-elementor-settings=\"{&quot;ha_cmc_init_switcher&quot;:&quot;no&quot;}\">\n\t\t\t\t<div class=\"elementor-element elementor-element-bba95f7 e-con-full e-flex e-con e-parent\" data-id=\"bba95f7\" data-element_type=\"container\" data-e-type=\"container\" data-settings=\"{&quot;background_background&quot;:&quot;classic&quot;,&quot;_ha_eqh_enable&quot;:false}\">\n\t\t\t\t<div class=\"elementor-element elementor-element-09026db elementor-widget__width-inherit elementor-widget elementor-widget-heading\" data-id=\"09026db\" data-element_type=\"widget\" data-e-type=\"widget\" data-widget_type=\"heading.default\">\n\t\t\t\t<div class=\"elementor-widget-container\">\n\t\t\t\t\t<h2 class=\"elementor-heading-title elementor-size-default\">ADDITIONAL SERVICES <\/h2>\t\t\t\t<\/div>\n\t\t\t\t<\/div>\n\t\t\t\t<\/div>\n\t\t<div class=\"elementor-element elementor-element-3f2836b e-grid e-con-boxed e-con e-parent\" data-id=\"3f2836b\" data-element_type=\"container\" data-e-type=\"container\" data-settings=\"{&quot;_ha_eqh_enable&quot;:false}\">\n\t\t\t\t\t<div class=\"e-con-inner\">\n\t\t\t\t<div class=\"elementor-element elementor-element-0a52b75 e-transform elementor-widget elementor-widget-image\" data-id=\"0a52b75\" data-element_type=\"widget\" data-e-type=\"widget\" data-settings=\"{&quot;_transform_scale_effect_hover&quot;:{&quot;unit&quot;:&quot;px&quot;,&quot;size&quot;:1.100000000000000088817841970012523233890533447265625,&quot;sizes&quot;:[]},&quot;_transform_scale_effect_hover_tablet&quot;:{&quot;unit&quot;:&quot;px&quot;,&quot;size&quot;:&quot;&quot;,&quot;sizes&quot;:[]},&quot;_transform_scale_effect_hover_mobile&quot;:{&quot;unit&quot;:&quot;px&quot;,&quot;size&quot;:&quot;&quot;,&quot;sizes&quot;:[]}}\" data-widget_type=\"image.default\">\n\t\t\t\t<div class=\"elementor-widget-container\">\n\t\t\t\t\t\t\t\t\t\t\t\t\t\t\t<img fetchpriority=\"high\" decoding=\"async\" width=\"633\" height=\"416\" src=\"https:\/\/www.feranlogistics.com\/wp-content\/uploads\/2024\/08\/Screenshot-2020-07-22-at-06.webp\" class=\"attachment-1536x1536 size-1536x1536 wp-image-2430\" alt=\"\" srcset=\"https:\/\/www.feranlogistics.com\/wp-content\/uploads\/2024\/08\/Screenshot-2020-07-22-at-06.webp 633w, https:\/\/www.feranlogistics.com\/wp-content\/uploads\/2024\/08\/Screenshot-2020-07-22-at-06-300x197.webp 300w\" sizes=\"(max-width: 633px) 100vw, 633px\" \/>\t\t\t\t\t\t\t\t\t\t\t\t\t\t\t<\/div>\n\t\t\t\t<\/div>\n\t\t\t\t<div class=\"elementor-element elementor-element-701bfd0 e-transform elementor-widget elementor-widget-image\" data-id=\"701bfd0\" data-element_type=\"widget\" data-e-type=\"widget\" data-settings=\"{&quot;_transform_scale_effect_hover&quot;:{&quot;unit&quot;:&quot;px&quot;,&quot;size&quot;:1.100000000000000088817841970012523233890533447265625,&quot;sizes&quot;:[]},&quot;_transform_scale_effect_hover_tablet&quot;:{&quot;unit&quot;:&quot;px&quot;,&quot;size&quot;:&quot;&quot;,&quot;sizes&quot;:[]},&quot;_transform_scale_effect_hover_mobile&quot;:{&quot;unit&quot;:&quot;px&quot;,&quot;size&quot;:&quot;&quot;,&quot;sizes&quot;:[]}}\" data-widget_type=\"image.default\">\n\t\t\t\t<div class=\"elementor-widget-container\">\n\t\t\t\t\t\t\t\t\t\t\t\t\t\t\t<img decoding=\"async\" width=\"1536\" height=\"1024\" src=\"https:\/\/www.feranlogistics.com\/wp-content\/uploads\/2024\/08\/pexels-ian-panelo-4715441-1536x1024.jpg\" class=\"attachment-1536x1536 size-1536x1536 wp-image-2433\" alt=\"\" srcset=\"https:\/\/www.feranlogistics.com\/wp-content\/uploads\/2024\/08\/pexels-ian-panelo-4715441-1536x1024.jpg 1536w, https:\/\/www.feranlogistics.com\/wp-content\/uploads\/2024\/08\/pexels-ian-panelo-4715441-300x200.jpg 300w, https:\/\/www.feranlogistics.com\/wp-content\/uploads\/2024\/08\/pexels-ian-panelo-4715441-1024x683.jpg 1024w, https:\/\/www.feranlogistics.com\/wp-content\/uploads\/2024\/08\/pexels-ian-panelo-4715441-768x512.jpg 768w, https:\/\/www.feranlogistics.com\/wp-content\/uploads\/2024\/08\/pexels-ian-panelo-4715441.jpg 1920w\" sizes=\"(max-width: 1536px) 100vw, 1536px\" \/>\t\t\t\t\t\t\t\t\t\t\t\t\t\t\t<\/div>\n\t\t\t\t<\/div>\n\t\t\t\t\t<\/div>\n\t\t\t\t<\/div>\n\t\t<div class=\"elementor-element elementor-element-0255bf5 e-grid e-con-boxed e-con e-parent\" data-id=\"0255bf5\" data-element_type=\"container\" data-e-type=\"container\" data-settings=\"{&quot;_ha_eqh_enable&quot;:false}\">\n\t\t\t\t\t<div class=\"e-con-inner\">\n\t\t\t\t<div class=\"elementor-element elementor-element-810674e elementor-widget elementor-widget-text-editor\" data-id=\"810674e\" data-element_type=\"widget\" data-e-type=\"widget\" data-widget_type=\"text-editor.default\">\n\t\t\t\t<div class=\"elementor-widget-container\">\n\t\t\t\t\t\t\t\t\t<p><span style=\"color: #000000;\"><strong>CARGO INSURANCE<\/strong><\/span><\/p><p>Having cargo insurance currently provides support against various risks that may arise during the transfer of merchandise, whether by sea, air or land.<\/p><p>Remember that the importance of having cargo insurance lies not only in safeguarding your merchandise, but also in reducing the economic impact that the company could suffer in the event that the integrity of the cargo is put at risk, due to factors such as: accidents , loss, kidnapping or robbery.<\/p><p>Thinking about your peace of mind, Feran-Logistics offers you an alternative at an excellent price to ensure that your cargo is protected at all times. Contact us for more information, we have plans designed for each of our clients.\u00a0<\/p>\t\t\t\t\t\t\t\t<\/div>\n\t\t\t\t<\/div>\n\t\t\t\t<div class=\"elementor-element elementor-element-ecfde87 elementor-widget elementor-widget-text-editor\" data-id=\"ecfde87\" data-element_type=\"widget\" data-e-type=\"widget\" data-widget_type=\"text-editor.default\">\n\t\t\t\t<div class=\"elementor-widget-container\">\n\t\t\t\t\t\t\t\t\t<p><span style=\"color: #000000;\"><strong>MARKETER.<\/strong><\/span><\/p><p>Do you have a project to import a product but don't know how to do it?<\/p><p>At Feran-Logistics we offer you an excellent alternative with this service, since we have a team of experts who will search for the product for you and carry out the entire necessary process to import it in a safe and simple way. You just need to share your idea with us and we will make it possible.\u00a0\u00a0<\/p><p>Don\u00b4t hesitate to contact us to learn everything you need about your project and give you personalized advice.<\/p>\t\t\t\t\t\t\t\t<\/div>\n\t\t\t\t<\/div>\n\t\t\t\t\t<\/div>\n\t\t\t\t<\/div>\n\t\t<div class=\"elementor-element elementor-element-96b30d7 e-flex e-con-boxed e-con e-child\" data-id=\"96b30d7\" data-element_type=\"container\" data-e-type=\"container\" data-settings=\"{&quot;background_background&quot;:&quot;classic&quot;,&quot;_ha_eqh_enable&quot;:false}\">\n\t\t\t\t\t<div class=\"e-con-inner\">\n\t\t<div class=\"elementor-element elementor-element-2ee7d48 e-con-full e-flex e-con e-child\" data-id=\"2ee7d48\" data-element_type=\"container\" data-e-type=\"container\" data-settings=\"{&quot;_ha_eqh_enable&quot;:false}\">\n\t\t\t\t<div class=\"elementor-element elementor-element-3d072f0 elementor-widget elementor-widget-heading\" data-id=\"3d072f0\" data-element_type=\"widget\" data-e-type=\"widget\" data-widget_type=\"heading.default\">\n\t\t\t\t<div class=\"elementor-widget-container\">\n\t\t\t\t\t<h3 class=\"elementor-heading-title elementor-size-default\">Do you have any project on mind?<\/h3>\t\t\t\t<\/div>\n\t\t\t\t<\/div>\n\t\t\t\t<div class=\"elementor-element elementor-element-ccb61db elementor-widget elementor-widget-text-editor\" data-id=\"ccb61db\" data-element_type=\"widget\" data-e-type=\"widget\" data-widget_type=\"text-editor.default\">\n\t\t\t\t<div class=\"elementor-widget-container\">\n\t\t\t\t\t\t\t\t\t<p>We help you with personalized advice to realize that idea you have.\u00a0<\/p>\t\t\t\t\t\t\t\t<\/div>\n\t\t\t\t<\/div>\n\t\t\t\t<\/div>\n\t\t<div class=\"elementor-element elementor-element-7c0c9b1 e-con-full e-flex e-con e-child\" data-id=\"7c0c9b1\" data-element_type=\"container\" data-e-type=\"container\" data-settings=\"{&quot;_ha_eqh_enable&quot;:false}\">\n\t\t\t\t<div class=\"elementor-element elementor-element-f9878a8 elementor-widget elementor-widget-button\" data-id=\"f9878a8\" data-element_type=\"widget\" data-e-type=\"widget\" data-widget_type=\"button.default\">\n\t\t\t\t<div class=\"elementor-widget-container\">\n\t\t\t\t\t\t\t\t\t<div class=\"elementor-button-wrapper\">\n\t\t\t\t\t<a class=\"elementor-button elementor-button-link elementor-size-sm\" href=\"https:\/\/www.feranlogistics.com\/en\/cotizar\/\" id=\"https:\/\/www.feranlogistics.com\/cotizar\/\">\n\t\t\t\t\t\t<span class=\"elementor-button-content-wrapper\">\n\t\t\t\t\t\t\t\t\t<span class=\"elementor-button-text\">QUOTE<\/span>\n\t\t\t\t\t<\/span>\n\t\t\t\t\t<\/a>\n\t\t\t\t<\/div>\n\t\t\t\t\t\t\t\t<\/div>\n\t\t\t\t<\/div>\n\t\t\t\t<\/div>\n\t\t\t\t\t<\/div>\n\t\t\t\t<\/div>\n\t\t\t\t<\/div>","protected":false},"excerpt":{"rendered":"<p>SERVICIOS ADICIONALES SEGURO DE CARGA Contar con un seguro de carga actualmente, brinda un respaldo ante diversos riesgos que puedan surgir durante el traslado de la mercanc\u00eda ya sea por v\u00eda mar\u00edtima, a\u00e9rea o terrestre. Recordar que la importancia de contar con un seguro de carga, no radica solo en salvaguardar su mercanc\u00eda, sino tambien [&hellip;]<\/p>\n","protected":false},"author":1,"featured_media":0,"parent":0,"menu_order":0,"comment_status":"closed","ping_status":"closed","template":"","meta":{"_joinchat":[],"footnotes":""},"class_list":["post-1754","page","type-page","status-publish","hentry"],"blocksy_meta":[],"aioseo_notices":[],"_links":{"self":[{"href":"https:\/\/www.feranlogistics.com\/en\/wp-json\/wp\/v2\/pages\/1754","targetHints":{"allow":["GET"]}}],"collection":[{"href":"https:\/\/www.feranlogistics.com\/en\/wp-json\/wp\/v2\/pages"}],"about":[{"href":"https:\/\/www.feranlogistics.com\/en\/wp-json\/wp\/v2\/types\/page"}],"author":[{"embeddable":true,"href":"https:\/\/www.feranlogistics.com\/en\/wp-json\/wp\/v2\/users\/1"}],"replies":[{"embeddable":true,"href":"https:\/\/www.feranlogistics.com\/en\/wp-json\/wp\/v2\/comments?post=1754"}],"version-history":[{"count":57,"href":"https:\/\/www.feranlogistics.com\/en\/wp-json\/wp\/v2\/pages\/1754\/revisions"}],"predecessor-version":[{"id":2984,"href":"https:\/\/www.feranlogistics.com\/en\/wp-json\/wp\/v2\/pages\/1754\/revisions\/2984"}],"wp:attachment":[{"href":"https:\/\/www.feranlogistics.com\/en\/wp-json\/wp\/v2\/media?parent=1754"}],"curies":[{"name":"wp","href":"https:\/\/api.w.org\/{rel}","templated":true}]}}