{"id":1908,"date":"2024-07-31T20:24:21","date_gmt":"2024-08-01T02:24:21","guid":{"rendered":"https:\/\/www.feranlogistics.com\/?page_id=1908"},"modified":"2024-08-05T01:14:25","modified_gmt":"2024-08-05T07:14:25","slug":"servicio-terrestre","status":"publish","type":"page","link":"https:\/\/www.feranlogistics.com\/en\/servicio-terrestre\/","title":{"rendered":"LAND FREIGHT"},"content":{"rendered":"<div data-elementor-type=\"wp-page\" data-elementor-id=\"1908\" class=\"elementor elementor-1908\" data-elementor-settings=\"{&quot;ha_cmc_init_switcher&quot;:&quot;no&quot;}\">\n\t\t\t\t<div class=\"elementor-element elementor-element-b5acc6c e-transform e-flex e-con-boxed e-con e-parent\" data-id=\"b5acc6c\" data-element_type=\"container\" data-e-type=\"container\" data-settings=\"{&quot;background_background&quot;:&quot;classic&quot;,&quot;_ha_eqh_enable&quot;:false,&quot;_transform_scale_effect_hover&quot;:{&quot;unit&quot;:&quot;px&quot;,&quot;size&quot;:&quot;&quot;,&quot;sizes&quot;:[]},&quot;_transform_scale_effect_hover_tablet&quot;:{&quot;unit&quot;:&quot;px&quot;,&quot;size&quot;:&quot;&quot;,&quot;sizes&quot;:[]},&quot;_transform_scale_effect_hover_mobile&quot;:{&quot;unit&quot;:&quot;px&quot;,&quot;size&quot;:&quot;&quot;,&quot;sizes&quot;:[]}}\">\n\t\t\t\t\t<div class=\"e-con-inner\">\n\t\t\t\t<div class=\"elementor-element elementor-element-6918e3b elementor-widget__width-inherit elementor-widget elementor-widget-heading\" data-id=\"6918e3b\" data-element_type=\"widget\" data-e-type=\"widget\" data-widget_type=\"heading.default\">\n\t\t\t\t<div class=\"elementor-widget-container\">\n\t\t\t\t\t<h2 class=\"elementor-heading-title elementor-size-default\">LAND FREIGTH TRANSPORTATION<\/h2>\t\t\t\t<\/div>\n\t\t\t\t<\/div>\n\t\t\t\t\t<\/div>\n\t\t\t\t<\/div>\n\t\t<div class=\"elementor-element elementor-element-2e780e0 e-flex e-con-boxed e-con e-parent\" data-id=\"2e780e0\" data-element_type=\"container\" data-e-type=\"container\" data-settings=\"{&quot;_ha_eqh_enable&quot;:false}\">\n\t\t\t\t\t<div class=\"e-con-inner\">\n\t\t\t\t<div class=\"elementor-element elementor-element-854f022 elementor-widget elementor-widget-text-editor\" data-id=\"854f022\" data-element_type=\"widget\" data-e-type=\"widget\" data-widget_type=\"text-editor.default\">\n\t\t\t\t<div class=\"elementor-widget-container\">\n\t\t\t\t\t\t\t\t\t<p>The best-known means of land transportation is the truck. Truck drivers, day after day, travel through different countries with goods that go from one destination to another. Another well-known means of land transportation, after the truck, is the train. The train is a widely used means of land transportation throughout the world. Furthermore, its appearance was one of the main factors that motivated the expansion of trade throughout the world.<\/p>\t\t\t\t\t\t\t\t<\/div>\n\t\t\t\t<\/div>\n\t\t\t\t\t<\/div>\n\t\t\t\t<\/div>\n\t\t<div class=\"elementor-element elementor-element-a26083c e-grid e-con-boxed e-con e-parent\" data-id=\"a26083c\" data-element_type=\"container\" data-e-type=\"container\" data-settings=\"{&quot;_ha_eqh_enable&quot;:false}\">\n\t\t\t\t\t<div class=\"e-con-inner\">\n\t\t\t\t<div class=\"elementor-element elementor-element-34e6889 elementor-widget elementor-widget-html\" data-id=\"34e6889\" data-element_type=\"widget\" data-e-type=\"widget\" data-widget_type=\"html.default\">\n\t\t\t\t<div class=\"elementor-widget-container\">\n\t\t\t\t\t<script src=\"https:\/\/unpkg.com\/@dotlottie\/player-component@latest\/dist\/dotlottie-player.mjs\" type=\"module\"><\/script> <dotlottie-player src=\"https:\/\/lottie.host\/d9ee200b-ec77-45a1-b548-6b571cff812b\/8pCbfKuw9U.json\" background=\"transparent\" speed=\"1\" style=\"width: 310px; height: 380px;\" loop autoplay><\/dotlottie-player>\t\t\t\t<\/div>\n\t\t\t\t<\/div>\n\t\t\t\t<div class=\"elementor-element elementor-element-b264c83 elementor-widget elementor-widget-html\" data-id=\"b264c83\" data-element_type=\"widget\" data-e-type=\"widget\" data-widget_type=\"html.default\">\n\t\t\t\t<div class=\"elementor-widget-container\">\n\t\t\t\t\t<script src=\"https:\/\/unpkg.com\/@dotlottie\/player-component@latest\/dist\/dotlottie-player.mjs\" type=\"module\"><\/script><dotlottie-player src=\"https:\/\/lottie.host\/43572e11-5f04-4301-9afe-2de4719958a4\/mmrVbTmvCj.json\" background=\"transparent\" speed=\"1\" style=\"width: 400px; height: 400px\" direction=\"1\" playmode=\"normal\" loop controls autoplay><\/dotlottie-player>\t\t\t\t<\/div>\n\t\t\t\t<\/div>\n\t\t\t\t\t<\/div>\n\t\t\t\t<\/div>\n\t\t<div class=\"elementor-element elementor-element-6fce81e e-flex e-con-boxed e-con e-parent\" data-id=\"6fce81e\" data-element_type=\"container\" data-e-type=\"container\" data-settings=\"{&quot;_ha_eqh_enable&quot;:false}\">\n\t\t\t\t\t<div class=\"e-con-inner\">\n\t\t<div class=\"elementor-element elementor-element-4afd056 e-con-full e-flex e-con e-child\" data-id=\"4afd056\" data-element_type=\"container\" data-e-type=\"container\" data-settings=\"{&quot;_ha_eqh_enable&quot;:false}\">\n\t\t\t\t<div class=\"elementor-element elementor-element-b176d32 elementor-widget elementor-widget-text-editor\" data-id=\"b176d32\" data-element_type=\"widget\" data-e-type=\"widget\" data-widget_type=\"text-editor.default\">\n\t\t\t\t<div class=\"elementor-widget-container\">\n\t\t\t\t\t\t\t\t\t<p>\u00a0 \u00a0 \u00a0 \u00a0 \u00a0<b>ADVANTAGES:<\/b><\/p><ul><li><strong>Investment<\/strong>: The investment required to create roads is less than that necessary for the development of airports or seaports, for example. Likewise, maintenance is less.<\/li><li><strong>Door to door delivery<\/strong>: Generally, this system allows for door-to-door delivery of merchandise, unlike other means. This is what happens with vans, bicycles or trucks.<\/li><li><strong>Integration<\/strong>: This system allows for the growth of commerce and local integration between different communities.<\/li><li><strong>Loading and unloading<\/strong>: It is considered a profitable system for the transportation, loading and unloading of merchandise. That is, the costs associated with these activities are low.<\/li><li><strong>Rural zones<\/strong>: It also allows travel to rural areas, villages and small towns.<\/li><\/ul>\t\t\t\t\t\t\t\t<\/div>\n\t\t\t\t<\/div>\n\t\t\t\t<\/div>\n\t\t<div class=\"elementor-element elementor-element-3d6f078 e-con-full e-flex e-con e-child\" data-id=\"3d6f078\" data-element_type=\"container\" data-e-type=\"container\" data-settings=\"{&quot;_ha_eqh_enable&quot;:false}\">\n\t\t\t\t<div class=\"elementor-element elementor-element-fb06f2e elementor-widget elementor-widget-text-editor\" data-id=\"fb06f2e\" data-element_type=\"widget\" data-e-type=\"widget\" data-widget_type=\"text-editor.default\">\n\t\t\t\t<div class=\"elementor-widget-container\">\n\t\t\t\t\t\t\t\t\t<p><strong>\u00a0 \u00a0 \u00a0 \u00a0 DISADVANTAGES:<\/strong><\/p><ul><li><strong>Less safe<\/strong>: This system, compared to others, presents a greater risk of accidents occurring.<\/li><li><strong>less organized<\/strong>: Likewise, it has a lower level of organization, which could be related to the number of vehicles.<\/li><li><strong>Rates<\/strong>: Rates tend to be unstable and unequal.<\/li><li><strong>Solwer<\/strong>: For the transfer of goods, it is usually slower than other systems.<\/li><li><strong>Volume<\/strong>: This system is inadequate for the transport of large volumes of goods and people. Sometimes we can except freight trains, which may be able to carry more cargo than an airplane, although they are still very far from large freighters and ships.<\/li><li><strong>Distance<\/strong>: Likewise, this system is inappropriate for moving long distances. This, due to the slowness and high cost it would mean in fuel consumption. In this case, the most efficient land system would be the rail system.<\/li><\/ul>\t\t\t\t\t\t\t\t<\/div>\n\t\t\t\t<\/div>\n\t\t\t\t<\/div>\n\t\t\t\t\t<\/div>\n\t\t\t\t<\/div>\n\t\t<div class=\"elementor-element elementor-element-1b61048 e-flex e-con-boxed e-con e-parent\" data-id=\"1b61048\" data-element_type=\"container\" data-e-type=\"container\" data-settings=\"{&quot;_ha_eqh_enable&quot;:false}\">\n\t\t\t\t\t<div class=\"e-con-inner\">\n\t\t\t\t<div class=\"elementor-element elementor-element-d5679b0 elementor-widget elementor-widget-heading\" data-id=\"d5679b0\" data-element_type=\"widget\" data-e-type=\"widget\" data-widget_type=\"heading.default\">\n\t\t\t\t<div class=\"elementor-widget-container\">\n\t\t\t\t\t<h2 class=\"elementor-heading-title elementor-size-default\">Our land transportation services<\/h2>\t\t\t\t<\/div>\n\t\t\t\t<\/div>\n\t\t\t\t\t<\/div>\n\t\t\t\t<\/div>\n\t\t<div class=\"elementor-element elementor-element-c3abf6d e-grid e-con-boxed e-con e-parent\" data-id=\"c3abf6d\" data-element_type=\"container\" data-e-type=\"container\" data-settings=\"{&quot;_ha_eqh_enable&quot;:false}\">\n\t\t\t\t\t<div class=\"e-con-inner\">\n\t\t\t\t<div class=\"elementor-element elementor-element-0cea847 e-transform elementor-widget elementor-widget-image\" data-id=\"0cea847\" data-element_type=\"widget\" data-e-type=\"widget\" data-settings=\"{&quot;_transform_scale_effect_hover&quot;:{&quot;unit&quot;:&quot;px&quot;,&quot;size&quot;:1.0500000000000000444089209850062616169452667236328125,&quot;sizes&quot;:[]},&quot;_transform_scale_effect_hover_tablet&quot;:{&quot;unit&quot;:&quot;px&quot;,&quot;size&quot;:&quot;&quot;,&quot;sizes&quot;:[]},&quot;_transform_scale_effect_hover_mobile&quot;:{&quot;unit&quot;:&quot;px&quot;,&quot;size&quot;:&quot;&quot;,&quot;sizes&quot;:[]}}\" data-widget_type=\"image.default\">\n\t\t\t\t<div class=\"elementor-widget-container\">\n\t\t\t\t\t\t\t\t\t\t\t\t\t\t\t<img fetchpriority=\"high\" decoding=\"async\" width=\"1024\" height=\"684\" src=\"https:\/\/www.feranlogistics.com\/wp-content\/uploads\/2024\/07\/pexels-quintingellar-2199293-1024x684.jpg\" class=\"attachment-large size-large wp-image-702\" alt=\"\" srcset=\"https:\/\/www.feranlogistics.com\/wp-content\/uploads\/2024\/07\/pexels-quintingellar-2199293-1024x684.jpg 1024w, https:\/\/www.feranlogistics.com\/wp-content\/uploads\/2024\/07\/pexels-quintingellar-2199293-300x200.jpg 300w, https:\/\/www.feranlogistics.com\/wp-content\/uploads\/2024\/07\/pexels-quintingellar-2199293-768x513.jpg 768w, https:\/\/www.feranlogistics.com\/wp-content\/uploads\/2024\/07\/pexels-quintingellar-2199293-1536x1026.jpg 1536w, https:\/\/www.feranlogistics.com\/wp-content\/uploads\/2024\/07\/pexels-quintingellar-2199293.jpg 1920w\" sizes=\"(max-width: 1024px) 100vw, 1024px\" \/>\t\t\t\t\t\t\t\t\t\t\t\t\t\t\t<\/div>\n\t\t\t\t<\/div>\n\t\t\t\t<div class=\"elementor-element elementor-element-14513ec e-transform elementor-widget elementor-widget-image\" data-id=\"14513ec\" data-element_type=\"widget\" data-e-type=\"widget\" data-settings=\"{&quot;_transform_scale_effect_hover&quot;:{&quot;unit&quot;:&quot;px&quot;,&quot;size&quot;:1.0500000000000000444089209850062616169452667236328125,&quot;sizes&quot;:[]},&quot;_transform_scale_effect_hover_tablet&quot;:{&quot;unit&quot;:&quot;px&quot;,&quot;size&quot;:&quot;&quot;,&quot;sizes&quot;:[]},&quot;_transform_scale_effect_hover_mobile&quot;:{&quot;unit&quot;:&quot;px&quot;,&quot;size&quot;:&quot;&quot;,&quot;sizes&quot;:[]}}\" data-widget_type=\"image.default\">\n\t\t\t\t<div class=\"elementor-widget-container\">\n\t\t\t\t\t\t\t\t\t\t\t\t\t\t\t<img decoding=\"async\" width=\"1024\" height=\"683\" src=\"https:\/\/www.feranlogistics.com\/wp-content\/uploads\/2024\/07\/pexels-tima-miroshnichenko-6169668-1024x683.jpg\" class=\"attachment-large size-large wp-image-705\" alt=\"\" srcset=\"https:\/\/www.feranlogistics.com\/wp-content\/uploads\/2024\/07\/pexels-tima-miroshnichenko-6169668-1024x683.jpg 1024w, https:\/\/www.feranlogistics.com\/wp-content\/uploads\/2024\/07\/pexels-tima-miroshnichenko-6169668-300x200.jpg 300w, https:\/\/www.feranlogistics.com\/wp-content\/uploads\/2024\/07\/pexels-tima-miroshnichenko-6169668-768x512.jpg 768w, https:\/\/www.feranlogistics.com\/wp-content\/uploads\/2024\/07\/pexels-tima-miroshnichenko-6169668-1536x1024.jpg 1536w, https:\/\/www.feranlogistics.com\/wp-content\/uploads\/2024\/07\/pexels-tima-miroshnichenko-6169668.jpg 1920w\" sizes=\"(max-width: 1024px) 100vw, 1024px\" \/>\t\t\t\t\t\t\t\t\t\t\t\t\t\t\t<\/div>\n\t\t\t\t<\/div>\n\t\t\t\t\t<\/div>\n\t\t\t\t<\/div>\n\t\t<div class=\"elementor-element elementor-element-ada8e3c e-flex e-con-boxed e-con e-parent\" data-id=\"ada8e3c\" data-element_type=\"container\" data-e-type=\"container\" data-settings=\"{&quot;_ha_eqh_enable&quot;:false}\">\n\t\t\t\t\t<div class=\"e-con-inner\">\n\t\t<div class=\"elementor-element elementor-element-e0b37f2 e-con-full e-flex e-con e-child\" data-id=\"e0b37f2\" data-element_type=\"container\" data-e-type=\"container\" data-settings=\"{&quot;_ha_eqh_enable&quot;:false}\">\n\t\t\t\t<div class=\"elementor-element elementor-element-b949e5a elementor-widget elementor-widget-text-editor\" data-id=\"b949e5a\" data-element_type=\"widget\" data-e-type=\"widget\" data-widget_type=\"text-editor.default\">\n\t\t\t\t<div class=\"elementor-widget-container\">\n\t\t\t\t\t\t\t\t\t<p><span style=\"color: #000000;\"><strong>FTL TRANSPORTATION<\/strong><\/span><\/p><p>The abbreviation FCL (Fuel Truck Load), meaning that the trip will be carried out with a full container, either of a specific product or various products that belong to the same company.<\/p>\t\t\t\t\t\t\t\t<\/div>\n\t\t\t\t<\/div>\n\t\t\t\t<\/div>\n\t\t<div class=\"elementor-element elementor-element-2f94a2c e-con-full e-flex e-con e-child\" data-id=\"2f94a2c\" data-element_type=\"container\" data-e-type=\"container\" data-settings=\"{&quot;_ha_eqh_enable&quot;:false}\">\n\t\t\t\t<div class=\"elementor-element elementor-element-9c6f0b0 elementor-widget elementor-widget-text-editor\" data-id=\"9c6f0b0\" data-element_type=\"widget\" data-e-type=\"widget\" data-widget_type=\"text-editor.default\">\n\t\t\t\t<div class=\"elementor-widget-container\">\n\t\t\t\t\t\t\t\t\t<p><span style=\"color: #000000;\"><strong>LTL TRANSPORTATION<\/strong><\/span><\/p><p>Transport (Less Truck Load) , it is considered that the volumes of merchandise to be transported are not sufficient to fill a truck, so partial loads are sought from other clients to make the transport profitable, since that the cost of the truck is divided between the companies that use this service. It is a standard or general cargo service and is carried out through route programming to collect or deliver merchandise.<\/p>\t\t\t\t\t\t\t\t<\/div>\n\t\t\t\t<\/div>\n\t\t\t\t<\/div>\n\t\t\t\t\t<\/div>\n\t\t\t\t<\/div>\n\t\t<div class=\"elementor-element elementor-element-737c8ca e-grid e-con-boxed e-con e-parent\" data-id=\"737c8ca\" data-element_type=\"container\" data-e-type=\"container\" data-settings=\"{&quot;background_background&quot;:&quot;classic&quot;,&quot;_ha_eqh_enable&quot;:false}\">\n\t\t\t\t\t<div class=\"e-con-inner\">\n\t\t\t\t<div class=\"elementor-element elementor-element-19da4fe e-transform elementor-widget elementor-widget-image\" data-id=\"19da4fe\" data-element_type=\"widget\" data-e-type=\"widget\" data-settings=\"{&quot;_transform_scale_effect_hover&quot;:{&quot;unit&quot;:&quot;px&quot;,&quot;size&quot;:1.0500000000000000444089209850062616169452667236328125,&quot;sizes&quot;:[]},&quot;_transform_scale_effect_hover_tablet&quot;:{&quot;unit&quot;:&quot;px&quot;,&quot;size&quot;:&quot;&quot;,&quot;sizes&quot;:[]},&quot;_transform_scale_effect_hover_mobile&quot;:{&quot;unit&quot;:&quot;px&quot;,&quot;size&quot;:&quot;&quot;,&quot;sizes&quot;:[]}}\" data-widget_type=\"image.default\">\n\t\t\t\t<div class=\"elementor-widget-container\">\n\t\t\t\t\t\t\t\t\t\t\t\t\t\t\t<img decoding=\"async\" width=\"1024\" height=\"689\" src=\"https:\/\/www.feranlogistics.com\/wp-content\/uploads\/2024\/08\/descarga-trailer-full-1.jpg\" class=\"attachment-full size-full wp-image-2384\" alt=\"\" srcset=\"https:\/\/www.feranlogistics.com\/wp-content\/uploads\/2024\/08\/descarga-trailer-full-1.jpg 1024w, https:\/\/www.feranlogistics.com\/wp-content\/uploads\/2024\/08\/descarga-trailer-full-1-300x202.jpg 300w, https:\/\/www.feranlogistics.com\/wp-content\/uploads\/2024\/08\/descarga-trailer-full-1-768x517.jpg 768w\" sizes=\"(max-width: 1024px) 100vw, 1024px\" \/>\t\t\t\t\t\t\t\t\t\t\t\t\t\t\t<\/div>\n\t\t\t\t<\/div>\n\t\t\t\t<div class=\"elementor-element elementor-element-6e329e0 e-transform elementor-widget elementor-widget-image\" data-id=\"6e329e0\" data-element_type=\"widget\" data-e-type=\"widget\" data-settings=\"{&quot;_transform_scale_effect_hover&quot;:{&quot;unit&quot;:&quot;px&quot;,&quot;size&quot;:1.0500000000000000444089209850062616169452667236328125,&quot;sizes&quot;:[]},&quot;_transform_scale_effect_hover_tablet&quot;:{&quot;unit&quot;:&quot;px&quot;,&quot;size&quot;:&quot;&quot;,&quot;sizes&quot;:[]},&quot;_transform_scale_effect_hover_mobile&quot;:{&quot;unit&quot;:&quot;px&quot;,&quot;size&quot;:&quot;&quot;,&quot;sizes&quot;:[]}}\" data-widget_type=\"image.default\">\n\t\t\t\t<div class=\"elementor-widget-container\">\n\t\t\t\t\t\t\t\t\t\t\t\t\t\t\t<img loading=\"lazy\" decoding=\"async\" width=\"1024\" height=\"682\" src=\"https:\/\/www.feranlogistics.com\/wp-content\/uploads\/2024\/08\/pexels-tiger-lily-4481534-1024x682.jpg\" class=\"attachment-large size-large wp-image-2381\" alt=\"\" srcset=\"https:\/\/www.feranlogistics.com\/wp-content\/uploads\/2024\/08\/pexels-tiger-lily-4481534-1024x682.jpg 1024w, https:\/\/www.feranlogistics.com\/wp-content\/uploads\/2024\/08\/pexels-tiger-lily-4481534-300x200.jpg 300w, https:\/\/www.feranlogistics.com\/wp-content\/uploads\/2024\/08\/pexels-tiger-lily-4481534-768x512.jpg 768w, https:\/\/www.feranlogistics.com\/wp-content\/uploads\/2024\/08\/pexels-tiger-lily-4481534.jpg 1280w\" sizes=\"(max-width: 1024px) 100vw, 1024px\" \/>\t\t\t\t\t\t\t\t\t\t\t\t\t\t\t<\/div>\n\t\t\t\t<\/div>\n\t\t\t\t\t<\/div>\n\t\t\t\t<\/div>\n\t\t<div class=\"elementor-element elementor-element-a11e96e e-flex e-con-boxed e-con e-parent\" data-id=\"a11e96e\" data-element_type=\"container\" data-e-type=\"container\" data-settings=\"{&quot;_ha_eqh_enable&quot;:false}\">\n\t\t\t\t\t<div class=\"e-con-inner\">\n\t\t<div class=\"elementor-element elementor-element-88dfe28 e-con-full e-flex e-con e-child\" data-id=\"88dfe28\" data-element_type=\"container\" data-e-type=\"container\" data-settings=\"{&quot;_ha_eqh_enable&quot;:false}\">\n\t\t\t\t<div class=\"elementor-element elementor-element-b34a873 elementor-widget elementor-widget-text-editor\" data-id=\"b34a873\" data-element_type=\"widget\" data-e-type=\"widget\" data-widget_type=\"text-editor.default\">\n\t\t\t\t<div class=\"elementor-widget-container\">\n\t\t\t\t\t\t\t\t\t<p><span style=\"color: #000000;\"><strong>SERVICIO FTL Full O SENCILLO<\/strong><\/span><\/p><p>Se puede aplicar servicio Full o Sencillo para contenedores, el servios Full se refiere a que con un tractocamion se arrastran 2 contenedores, por el contrario el servicio sencillo solo considera un contenedor por unidad. esto ayuda a reducir costos en el servicios.<\/p>\t\t\t\t\t\t\t\t<\/div>\n\t\t\t\t<\/div>\n\t\t\t\t<\/div>\n\t\t<div class=\"elementor-element elementor-element-4a7632e e-con-full e-flex e-con e-child\" data-id=\"4a7632e\" data-element_type=\"container\" data-e-type=\"container\" data-settings=\"{&quot;_ha_eqh_enable&quot;:false}\">\n\t\t\t\t<div class=\"elementor-element elementor-element-e76158f elementor-widget elementor-widget-text-editor\" data-id=\"e76158f\" data-element_type=\"widget\" data-e-type=\"widget\" data-widget_type=\"text-editor.default\">\n\t\t\t\t<div class=\"elementor-widget-container\">\n\t\t\t\t\t\t\t\t\t<p><span style=\"color: #000000;\"><strong>SERVICIO LTL DEDICADO<\/strong><\/span><\/p><p>Another option that has the LCL or consolidated cargo modality is the dedicated service, which consists of sending an empty unit only to collect the applicant's cargo in its warehouse or warehouse, and immediately leave the route for delivery to the indicated place. For the client, this service is much faster but also implies a higher cost than the standard service and must be requested at least 72 hours in advance to be able to search for availability.<\/p>\t\t\t\t\t\t\t\t<\/div>\n\t\t\t\t<\/div>\n\t\t\t\t<\/div>\n\t\t\t\t\t<\/div>\n\t\t\t\t<\/div>\n\t\t<div class=\"elementor-element elementor-element-c39fce3 e-flex e-con-boxed e-con e-parent\" data-id=\"c39fce3\" data-element_type=\"container\" data-e-type=\"container\" data-settings=\"{&quot;_ha_eqh_enable&quot;:false}\">\n\t\t\t\t\t<div class=\"e-con-inner\">\n\t\t\t\t<div class=\"elementor-element elementor-element-1a27638 elementor-widget elementor-widget-text-editor\" data-id=\"1a27638\" data-element_type=\"widget\" data-e-type=\"widget\" data-widget_type=\"text-editor.default\">\n\t\t\t\t<div class=\"elementor-widget-container\">\n\t\t\t\t\t\t\t\t\t<p>For Feran-Logistics the most important thing is the satisfaction of our clients, come to us for personalized advice, we have a team that will support you at all times to achieve the project you have in mind.\u00a0<\/p>\t\t\t\t\t\t\t\t<\/div>\n\t\t\t\t<\/div>\n\t\t\t\t\t<\/div>\n\t\t\t\t<\/div>\n\t\t<div class=\"elementor-element elementor-element-c983120 e-flex e-con-boxed e-con e-parent\" data-id=\"c983120\" data-element_type=\"container\" data-e-type=\"container\" data-settings=\"{&quot;_ha_eqh_enable&quot;:false}\">\n\t\t\t\t\t<div class=\"e-con-inner\">\n\t\t\t\t<div class=\"elementor-element elementor-element-fe9ca00 elementor-button-info elementor-align-center elementor-widget elementor-widget-button\" data-id=\"fe9ca00\" data-element_type=\"widget\" data-e-type=\"widget\" data-widget_type=\"button.default\">\n\t\t\t\t<div class=\"elementor-widget-container\">\n\t\t\t\t\t\t\t\t\t<div class=\"elementor-button-wrapper\">\n\t\t\t\t\t<a class=\"elementor-button elementor-button-link elementor-size-sm\" href=\"https:\/\/www.feranlogistics.com\/en\/cotizar\/\">\n\t\t\t\t\t\t<span class=\"elementor-button-content-wrapper\">\n\t\t\t\t\t\t\t\t\t<span class=\"elementor-button-text\">QUOTE<\/span>\n\t\t\t\t\t<\/span>\n\t\t\t\t\t<\/a>\n\t\t\t\t<\/div>\n\t\t\t\t\t\t\t\t<\/div>\n\t\t\t\t<\/div>\n\t\t\t\t\t<\/div>\n\t\t\t\t<\/div>\n\t\t\t\t<\/div>","protected":false},"excerpt":{"rendered":"<p>TRANSPORTE DE CARGA TERRESTRE El medio de transporte terrestre m\u00e1s conocido es el cami\u00f3n. Los camioneros, d\u00eda tras d\u00eda, recorren los distintos pa\u00edses con mercanc\u00edas que van de un destino a otro. Otro medio de transporte terrestre muy conocido, despu\u00e9s del cami\u00f3n, es el tren. El tren es un medio de transporte terrestre muy usado [&hellip;]<\/p>\n","protected":false},"author":1,"featured_media":0,"parent":0,"menu_order":0,"comment_status":"closed","ping_status":"closed","template":"","meta":{"_joinchat":[],"footnotes":""},"class_list":["post-1908","page","type-page","status-publish","hentry"],"blocksy_meta":[],"aioseo_notices":[],"_links":{"self":[{"href":"https:\/\/www.feranlogistics.com\/en\/wp-json\/wp\/v2\/pages\/1908","targetHints":{"allow":["GET"]}}],"collection":[{"href":"https:\/\/www.feranlogistics.com\/en\/wp-json\/wp\/v2\/pages"}],"about":[{"href":"https:\/\/www.feranlogistics.com\/en\/wp-json\/wp\/v2\/types\/page"}],"author":[{"embeddable":true,"href":"https:\/\/www.feranlogistics.com\/en\/wp-json\/wp\/v2\/users\/1"}],"replies":[{"embeddable":true,"href":"https:\/\/www.feranlogistics.com\/en\/wp-json\/wp\/v2\/comments?post=1908"}],"version-history":[{"count":172,"href":"https:\/\/www.feranlogistics.com\/en\/wp-json\/wp\/v2\/pages\/1908\/revisions"}],"predecessor-version":[{"id":2687,"href":"https:\/\/www.feranlogistics.com\/en\/wp-json\/wp\/v2\/pages\/1908\/revisions\/2687"}],"wp:attachment":[{"href":"https:\/\/www.feranlogistics.com\/en\/wp-json\/wp\/v2\/media?parent=1908"}],"curies":[{"name":"wp","href":"https:\/\/api.w.org\/{rel}","templated":true}]}}